{"id":35,"date":"2018-10-24T18:51:13","date_gmt":"2018-10-24T18:51:13","guid":{"rendered":"http:\/\/maddin-dj.de\/?page_id=35"},"modified":"2025-08-05T12:35:59","modified_gmt":"2025-08-05T12:35:59","slug":"impressum","status":"publish","type":"page","link":"https:\/\/maddin-dj.de\/?page_id=35","title":{"rendered":"Impressum"},"content":{"rendered":"\r\n<h1 class=\"wp-block-heading\">Angaben gem\u00e4\u00df \u00a7 5 TMG:<\/h1>\r\n\r\n\r\n\r\n<p>Martin Steinbach<br \/>DJ Maddin<br \/>Kieler Stra\u00dfe 66<br \/>24582 Bordesholm<\/p>\r\n\r\n\r\n\r\n<h2 class=\"wp-block-heading\">Kontakt:<\/h2>\r\n\r\n\r\n\r\n<table class=\"wp-block-table\">\r\n<tbody>\r\n<tr>\r\n<td>Telefon:<\/td>\r\n<td>+49 172 4217107<\/td>\r\n<\/tr>\r\n<tr>\r\n<td>E-Mail:<\/td>\r\n<td>info@maddin-dj.de<\/td>\r\n<\/tr>\r\n<\/tbody>\r\n<\/table>\r\n\r\n\r\n\r\n<h2 class=\"wp-block-heading\">Steuernummer:<\/h2>\r\n\r\n\r\n\r\n<p><br \/>24\/176\/02527<\/p>\r\n\r\n\r\n\r\n<h2 class=\"wp-block-heading\">Quellenangaben f\u00fcr die verwendeten Bilder und Grafiken:<\/h2>\r\n\r\n\r\n\r\n<figure class=\"wp-block-embed\">\r\n<div class=\"wp-block-embed__wrapper\">http:\/\/www.fotolia.de<\/div>\r\n<\/figure>\r\n\r\n\r\n\r\n<p>Quelle:\u00a0<em>Erstellt durch den\u00a0<a href=\"http:\/\/www.e-recht24.de\/\" target=\"_blank\" rel=\"noreferrer noopener\">Impressum-Generator<\/a>\u00a0von e-recht24.de f\u00fcr Einzelunternehmer.<\/em><\/p>\r\n\r\n\r\n\r\n<h2 class=\"wp-block-heading\">Haftungsausschluss:<\/h2>\r\n\r\n\r\n\r\n<p><strong>Haftung f\u00fcr Inhalte<\/strong><\/p>\r\n\r\n\r\n\r\n<p>Die Inhalte unserer Seiten wurden mit gr\u00f6\u00dfter Sorgfalt erstellt. F\u00fcr die Richtigkeit, Vollst\u00e4ndigkeit und Aktualit\u00e4t der Inhalte k\u00f6nnen wir jedoch keine Gew\u00e4hr \u00fcbernehmen. Als Diensteanbieter sind wir gem\u00e4\u00df \u00a7 7 Abs.1 TMG f\u00fcr eigene Inhalte auf diesen Seiten nach den allgemeinen Gesetzen verantwortlich. Nach \u00a7\u00a7 8 bis 10 TMG sind wir als Diensteanbieter jedoch nicht verpflichtet, \u00fcbermittelte oder gespeicherte fremde Informationen zu \u00fcberwachen oder nach Umst\u00e4nden zu forschen, die auf eine rechtswidrige T\u00e4tigkeit hinweisen. Verpflichtungen zur Entfernung oder Sperrung der Nutzung von Informationen nach den allgemeinen Gesetzen bleiben hiervon unber\u00fchrt. Eine diesbez\u00fcgliche Haftung ist jedoch erst ab dem Zeitpunkt der Kenntnis einer konkreten Rechtsverletzung m\u00f6glich. Bei Bekanntwerden von entsprechenden Rechtsverletzungen werden wir diese Inhalte umgehend entfernen.<\/p>\r\n\r\n\r\n\r\n<p><strong>Haftung f\u00fcr Links<\/strong><\/p>\r\n\r\n\r\n\r\n<p>Unser Angebot enth\u00e4lt Links zu externen Webseiten Dritter, auf deren Inhalte wir keinen Einfluss haben. Deshalb k\u00f6nnen wir f\u00fcr diese fremden Inhalte auch keine Gew\u00e4hr \u00fcbernehmen. F\u00fcr die Inhalte der verlinkten Seiten ist stets der jeweilige Anbieter oder Betreiber der Seiten verantwortlich. Die verlinkten Seiten wurden zum Zeitpunkt der Verlinkung auf m\u00f6gliche Rechtsverst\u00f6\u00dfe \u00fcberpr\u00fcft. Rechtswidrige Inhalte waren zum Zeitpunkt der Verlinkung nicht erkennbar. Eine permanente inhaltliche Kontrolle der verlinkten Seiten ist jedoch ohne konkrete Anhaltspunkte einer Rechtsverletzung nicht zumutbar. Bei Bekanntwerden von Rechtsverletzungen werden wir derartige Links umgehend entfernen.<\/p>\r\n\r\n\r\n\r\n<p><strong>Urheberrecht<\/strong><\/p>\r\n\r\n\r\n\r\n<p>Die durch die Seitenbetreiber erstellten Inhalte und Werke auf diesen Seiten unterliegen dem deutschen Urheberrecht. Die Vervielf\u00e4ltigung, Bearbeitung, Verbreitung und jede Art der Verwertung au\u00dferhalb der Grenzen des Urheberrechtes bed\u00fcrfen der schriftlichen Zustimmung des jeweiligen Autors bzw. Erstellers. Downloads und Kopien dieser Seite sind nur f\u00fcr den privaten, nicht kommerziellen Gebrauch gestattet. Soweit die Inhalte auf dieser Seite nicht vom Betreiber erstellt wurden, werden die Urheberrechte Dritter beachtet. Insbesondere werden Inhalte Dritter als solche gekennzeichnet. Sollten Sie trotzdem auf eine Urheberrechtsverletzung aufmerksam werden, bitten wir um einen entsprechenden Hinweis. Bei Bekanntwerden von Rechtsverletzungen werden wir derartige Inhalte umgehend entfernen.<\/p>\r\n\r\n\r\n\r\n<p><em>Quellenangaben:\u00a0<a href=\"http:\/\/www.e-recht24.de\/muster-disclaimer.htm\" target=\"_blank\" rel=\"noreferrer noopener\">Disclaimer<\/a>\u00a0von eRecht24, dem Portal zum Internetrecht von Rechtsanwalt S\u00f6ren Siebert,\u00a0<a href=\"http:\/\/www.google.com\/intl\/de_ALL\/analytics\/tos.html\" target=\"_blank\" rel=\"noreferrer noopener\">Datenschutzerkl\u00e4rung f\u00fcr Google Analytics<\/a><\/em><\/p>\r\n","protected":false},"excerpt":{"rendered":"<p>Angaben gem\u00e4\u00df \u00a7 5 TMG: Martin SteinbachDJ MaddinKieler Stra\u00dfe 6624582 Bordesholm Kontakt: Telefon: +49 172 4217107 E-Mail: info@maddin-dj.de Steuernummer: 24\/176\/02527 Quellenangaben f\u00fcr die verwendeten Bilder und Grafiken: Quelle:\u00a0Erstellt durch den\u00a0Impressum-Generator\u00a0von e-recht24.de f\u00fcr Einzelunternehmer. Haftungsausschluss: Haftung&hellip; <\/p>\n<p><a class=\"more-link\" href=\"https:\/\/maddin-dj.de\/?page_id=35\">Impressum weiterlesen<\/a><\/p>\n","protected":false},"author":1,"featured_media":0,"parent":0,"menu_order":4,"comment_status":"closed","ping_status":"closed","template":"","meta":{"footnotes":""},"class_list":["post-35","page","type-page","status-publish","hentry"],"_links":{"self":[{"href":"https:\/\/maddin-dj.de\/index.php?rest_route=\/wp\/v2\/pages\/35","targetHints":{"allow":["GET"]}}],"collection":[{"href":"https:\/\/maddin-dj.de\/index.php?rest_route=\/wp\/v2\/pages"}],"about":[{"href":"https:\/\/maddin-dj.de\/index.php?rest_route=\/wp\/v2\/types\/page"}],"author":[{"embeddable":true,"href":"https:\/\/maddin-dj.de\/index.php?rest_route=\/wp\/v2\/users\/1"}],"replies":[{"embeddable":true,"href":"https:\/\/maddin-dj.de\/index.php?rest_route=%2Fwp%2Fv2%2Fcomments&post=35"}],"version-history":[{"count":4,"href":"https:\/\/maddin-dj.de\/index.php?rest_route=\/wp\/v2\/pages\/35\/revisions"}],"predecessor-version":[{"id":64,"href":"https:\/\/maddin-dj.de\/index.php?rest_route=\/wp\/v2\/pages\/35\/revisions\/64"}],"wp:attachment":[{"href":"https:\/\/maddin-dj.de\/index.php?rest_route=%2Fwp%2Fv2%2Fmedia&parent=35"}],"curies":[{"name":"wp","href":"https:\/\/api.w.org\/{rel}","templated":true}]}}