{"id":23,"date":"2018-10-24T18:07:38","date_gmt":"2018-10-24T18:07:38","guid":{"rendered":"http:\/\/maddin-dj.de\/?page_id=23"},"modified":"2018-10-25T07:31:56","modified_gmt":"2018-10-25T07:31:56","slug":"home","status":"publish","type":"page","link":"https:\/\/maddin-dj.de\/","title":{"rendered":"Home"},"content":{"rendered":"\r\n<p>Sie suchen einen Discjockey f\u00fcr\u00a0Ihre Hochzeit, Ihrem Geburtstag, eine Vereinsfeier\u00a0oder\u00a0einen Firmenevent? Sie und Ihre G\u00e4ste m\u00f6chten dabei nach Ihren W\u00fcnschen mit Musik begleitet\u00a0werden, welche mit schickem Licht untermalt wird?<br \/>Ich biete Ihnen einen DJ-Service, der Ihre W\u00fcnsche umsetzt.<strong>\u00a0\u2013 unkompliziert und verl\u00e4sslich \u2013 \u00a0 \u00a0 \u00a0 \u2013 preiswert und gut gelaunt \u2013\u00a0<\/strong><br \/>Nutzen Sie meine kleine Internetpr\u00e4senz f\u00fcr Ihre ersten Informationen \u00fcber mich. Wenn Sie Fragen haben, die Ihnen diese Seite nicht beantworten kann,\u00a0kontaktieren\u00a0Sie mich gerne.<\/p>\r\n<p><strong>Ihr DJ Maddin<\/strong><\/p>\r\n","protected":false},"excerpt":{"rendered":"<p>Sie suchen einen Discjockey f\u00fcr\u00a0Ihre Hochzeit, Ihrem Geburtstag, eine Vereinsfeier\u00a0oder\u00a0einen Firmenevent? Sie und Ihre G\u00e4ste m\u00f6chten dabei nach Ihren W\u00fcnschen mit Musik begleitet\u00a0werden, welche mit schickem Licht untermalt wird?Ich biete Ihnen einen DJ-Service, der Ihre&hellip; <\/p>\n<p><a class=\"more-link\" href=\"https:\/\/maddin-dj.de\/\">Home weiterlesen<\/a><\/p>\n","protected":false},"author":1,"featured_media":0,"parent":0,"menu_order":0,"comment_status":"closed","ping_status":"closed","template":"","meta":{"footnotes":""},"class_list":["post-23","page","type-page","status-publish","hentry"],"_links":{"self":[{"href":"https:\/\/maddin-dj.de\/index.php?rest_route=\/wp\/v2\/pages\/23","targetHints":{"allow":["GET"]}}],"collection":[{"href":"https:\/\/maddin-dj.de\/index.php?rest_route=\/wp\/v2\/pages"}],"about":[{"href":"https:\/\/maddin-dj.de\/index.php?rest_route=\/wp\/v2\/types\/page"}],"author":[{"embeddable":true,"href":"https:\/\/maddin-dj.de\/index.php?rest_route=\/wp\/v2\/users\/1"}],"replies":[{"embeddable":true,"href":"https:\/\/maddin-dj.de\/index.php?rest_route=%2Fwp%2Fv2%2Fcomments&post=23"}],"version-history":[{"count":3,"href":"https:\/\/maddin-dj.de\/index.php?rest_route=\/wp\/v2\/pages\/23\/revisions"}],"predecessor-version":[{"id":53,"href":"https:\/\/maddin-dj.de\/index.php?rest_route=\/wp\/v2\/pages\/23\/revisions\/53"}],"wp:attachment":[{"href":"https:\/\/maddin-dj.de\/index.php?rest_route=%2Fwp%2Fv2%2Fmedia&parent=23"}],"curies":[{"name":"wp","href":"https:\/\/api.w.org\/{rel}","templated":true}]}}