{"id":46,"date":"2018-10-24T19:00:40","date_gmt":"2018-10-24T19:00:40","guid":{"rendered":"http:\/\/maddin-dj.de\/?page_id=46"},"modified":"2018-10-24T19:41:00","modified_gmt":"2018-10-24T19:41:00","slug":"ueber-mich","status":"publish","type":"page","link":"http:\/\/maddin-dj.de\/?page_id=46","title":{"rendered":"\u00fcber mich"},"content":{"rendered":"<table class=\"sites-layout-hbox\" cellspacing=\"0\">\n<tbody>\n<tr>\n<td class=\"sites-layout-tile sites-tile-name-content-1\">\n<div dir=\"ltr\">\n<div dir=\"ltr\">\n<div dir=\"ltr\">\n<div>\n<p>Maddin ist mein Spitzname, weil all meine Freunde nicht in der Lage sind Martin richtig auszusprechen. Nun finde ich dies nicht weiter schlimm und habe f\u00fcr mein Nebenberuf den DJ vorgesetzt.<\/p>\n<p>Am 08.05.1980 bin ich in einem Mehrbettzimmer in der Greifswalder Frauenklinik geboren. Dort im tiefsten Osten, feierte man den Tag der Befreiung &#8211; und naja ich damit meinen eigenen &#8222;Tag der Befreiung&#8220;. Der Nr. 1 Hit im Westradio war zu dem Zeitpunkt &#8222;Weekend&#8220; von Earth &amp; Fire.<\/p>\n<p>Mehrere gl\u00fcckliche Kindheitsjahre weiter begann der Ernst des Lebens \u00fcber mich zu kommen und mir war klar, dass mir eine Nebenbesch\u00e4ftigung zur musikalischen Unterhaltung ganz gut liegt. Leider ist es so, dass ich definitiv nicht singen kann (von Karaoke mal abgesehen), weshalb das abspielen von Musik dann doch eher meinen Vorstellungen entsprach. Von 1999 bis zum heutigen Tag weiss ich aber, dass es nicht nur das abspielen der Musik ist, sondern eher das &#8222;WIE&#8220; und &#8222;mit WAS&#8220;.<\/p>\n<\/div>\n<div><span style=\"color: #0b5394; font-size: large;\">\u00a0<\/span><\/div>\n<div><\/div>\n<\/div>\n<\/div>\n<\/div>\n<\/td>\n<td class=\"sites-layout-tile sites-tile-name-content-2\">\n<div dir=\"ltr\">\n<div>\n<div>\n<div>\n<div>\u00a0 \u00a0 \u00a0<img loading=\"lazy\" decoding=\"async\" class=\"alignnone size-medium wp-image-50\" src=\"http:\/\/maddin-dj.de\/wp-content\/uploads\/2018\/10\/CSC_0289_2-284x300.jpg\" alt=\"\" width=\"284\" height=\"300\" srcset=\"http:\/\/maddin-dj.de\/wp-content\/uploads\/2018\/10\/CSC_0289_2-284x300.jpg 284w, http:\/\/maddin-dj.de\/wp-content\/uploads\/2018\/10\/CSC_0289_2-768x812.jpg 768w, http:\/\/maddin-dj.de\/wp-content\/uploads\/2018\/10\/CSC_0289_2-968x1024.jpg 968w, http:\/\/maddin-dj.de\/wp-content\/uploads\/2018\/10\/CSC_0289_2.jpg 1944w\" sizes=\"auto, (max-width: 284px) 100vw, 284px\" \/><\/div>\n<\/div>\n<\/div>\n<\/div>\n<div><\/div>\n<div>R\u00fcckblickend h\u00e4tte ich in der Zeit auch singen lernen k\u00f6nnen!!!!<\/div>\n<div><\/div>\n<div>F\u00fcr den Ernst des Lebens habe ich aber auch Ausbildungen wie IT-Systemkaufmann und den Versicherungsfachmann erfolgreich abgeschlossen und bin hauptberuflich sowas wie\u00a0<a href=\"http:\/\/de.wikipedia.org\/wiki\/Stromberg_%28Fernsehserie%29#Bernd_Stromberg\" rel=\"nofollow\">Stromberg<\/a>\u00a0&#8211; nur eben nicht Chef. Die Frau f\u00fcr&#8217;s Leben habe ich gefunden und mein kleiner Sohn Leon wird eine tolle Kindheit haben &#8211; so wie ich sie auch hatte.<\/div>\n<\/div>\n<\/td>\n<\/tr>\n<\/tbody>\n<\/table>\n","protected":false},"excerpt":{"rendered":"<p>Maddin ist mein Spitzname, weil all meine Freunde nicht in der Lage sind Martin richtig auszusprechen. Nun finde ich dies nicht weiter schlimm und habe f\u00fcr mein Nebenberuf den DJ vorgesetzt. Am 08.05.1980 bin ich&hellip; <\/p>\n<p><a class=\"more-link\" href=\"http:\/\/maddin-dj.de\/?page_id=46\">\u00fcber mich weiterlesen<\/a><\/p>\n","protected":false},"author":1,"featured_media":0,"parent":0,"menu_order":0,"comment_status":"closed","ping_status":"closed","template":"","meta":{"footnotes":""},"class_list":["post-46","page","type-page","status-publish","hentry"],"_links":{"self":[{"href":"http:\/\/maddin-dj.de\/index.php?rest_route=\/wp\/v2\/pages\/46","targetHints":{"allow":["GET"]}}],"collection":[{"href":"http:\/\/maddin-dj.de\/index.php?rest_route=\/wp\/v2\/pages"}],"about":[{"href":"http:\/\/maddin-dj.de\/index.php?rest_route=\/wp\/v2\/types\/page"}],"author":[{"embeddable":true,"href":"http:\/\/maddin-dj.de\/index.php?rest_route=\/wp\/v2\/users\/1"}],"replies":[{"embeddable":true,"href":"http:\/\/maddin-dj.de\/index.php?rest_route=%2Fwp%2Fv2%2Fcomments&post=46"}],"version-history":[{"count":4,"href":"http:\/\/maddin-dj.de\/index.php?rest_route=\/wp\/v2\/pages\/46\/revisions"}],"predecessor-version":[{"id":51,"href":"http:\/\/maddin-dj.de\/index.php?rest_route=\/wp\/v2\/pages\/46\/revisions\/51"}],"wp:attachment":[{"href":"http:\/\/maddin-dj.de\/index.php?rest_route=%2Fwp%2Fv2%2Fmedia&parent=46"}],"curies":[{"name":"wp","href":"https:\/\/api.w.org\/{rel}","templated":true}]}}